{"id":5459,"date":"2023-11-08T16:23:50","date_gmt":"2023-11-08T15:23:50","guid":{"rendered":"https:\/\/mojamapanieba.pl\/?post_type=product&#038;p=5459"},"modified":"2026-04-13T12:08:52","modified_gmt":"2026-04-13T10:08:52","slug":"mapa-nieba-photo","status":"publish","type":"product","link":"https:\/\/mojamapanieba.pl\/index.php\/produkt\/mapa-nieba-photo\/","title":{"rendered":"Mapa Nieba Photo"},"content":{"rendered":"<p>&nbsp;<\/p>\n<h2 style=\"text-align: center;\"><strong>Szukasz prezentu dla ukochanej osoby, przyjaciela b\u0105d\u017a dziecka?\u00a0<\/strong><\/h2>\n<h6><\/h6>\n<p style=\"text-align: center;\">Wybierz sw\u00f3j wymarzony wz\u00f3r, a my zaprojektujemy Twoj\u0105 Map\u0119 tak by wywo\u0142ywa\u0142a u\u015bmiech na twarzy obdarowanej osoby. <span class=\"emoji\">&#x2764;&#xfe0f;<\/span><\/p>\n<h4><\/h4>\n<h3 style=\"text-align: center;\"><strong>Moja Mapa Nieba to:<\/strong><\/h3>\n<h6 style=\"text-align: left;\">\u00a0 \u00a0 \u00a0 \u00a0 \u00a0 \u00a0 \u00a0 \u00a0 \u00a0 \u00a0 \u00a0 \u00a0 \u00a0 \u00a0 \u00a0 \u00a0 \u00a0 \u00a0 \u00a0 \u00a0 \u00a0 \u00a0 \u00a0 \u00a0 \u00a0 \u00a0 \u00a0 \u00a0 \u00a0 \u00a0 \u00a0 \u00a0 \u00a0 \u00a0 \u00a0 \u00a0 \u00a0<img decoding=\"async\" class=\"wp-image-2401 size-thumbnail aligncenter\" src=\"https:\/\/mojamapanieba.pl\/wp-content\/uploads\/2023\/11\/personalizacja.png\" alt=\"\" width=\"150\" height=\"150\" \/><\/h6>\n<h6 style=\"text-align: center;\"><strong><span style=\"font-size: 22px; line-height: 2;\">Pe\u0142na personalizacja \u00a0\u00a0<\/span><\/strong><\/h6>\n<p style=\"text-align: center;\">Mo\u017cesz dowolnie spersonalizowa\u0107 swoj\u0105 Map\u0119 Nieba.<br \/>\nWystarczy, \u017ce wybierzesz opcje, a wst\u0119pna wizualizacja pojawi si\u0119 tu\u017c obok.<br \/>\nUwzgl\u0119dnimy wszystkie Twoje sugestie i pro\u015bby. <span class=\"emoji\">&#x2764;&#xfe0f;<\/span><\/p>\n<h6 style=\"text-align: left;\">\u00a0 \u00a0 \u00a0 \u00a0 \u00a0 \u00a0 \u00a0 \u00a0 \u00a0 \u00a0 \u00a0 \u00a0 \u00a0 \u00a0 \u00a0 \u00a0 \u00a0 \u00a0 \u00a0 \u00a0 \u00a0 \u00a0 \u00a0 \u00a0 \u00a0 \u00a0 \u00a0 \u00a0 \u00a0 \u00a0 \u00a0 \u00a0 \u00a0 \u00a0 \u00a0 \u00a0 \u00a0<img decoding=\"async\" class=\"wp-image-2401 size-thumbnail aligncenter\" src=\"https:\/\/mojamapanieba.pl\/wp-content\/uploads\/2023\/11\/projektowana.png\" alt=\"\" width=\"150\" height=\"150\" \/><\/h6>\n<h6 style=\"text-align: center;\"><strong><span style=\"font-size: 22px; line-height: 2;\">Projektowane r\u0119cznie \u00a0\u00a0<\/span><\/strong><\/h6>\n<p style=\"text-align: center;\">Ka\u017cda Mapa Nieba projektowana jest r\u0119cznie przez naszego grafika.<br \/>\nWe wszystkie Mapy wk\u0142adamy nasze serce.<br \/>\nZale\u017cy nam na Twojej satysfakcji.\u00a0<span class=\"emoji\">&#x1f609;<\/span><\/p>\n<h6 style=\"text-align: left;\">\u00a0 \u00a0 \u00a0 \u00a0 \u00a0 \u00a0 \u00a0 \u00a0 \u00a0 \u00a0 \u00a0 \u00a0 \u00a0 \u00a0 \u00a0 \u00a0 \u00a0 \u00a0 \u00a0 \u00a0 \u00a0 \u00a0 \u00a0 \u00a0 \u00a0 \u00a0 \u00a0 \u00a0 \u00a0 \u00a0 \u00a0 \u00a0 \u00a0 \u00a0 \u00a0 \u00a0 \u00a0<img decoding=\"async\" class=\"wp-image-2401 size-thumbnail aligncenter\" src=\"https:\/\/mojamapanieba.pl\/wp-content\/uploads\/2023\/11\/jakosc.png\" alt=\"\" width=\"150\" height=\"150\" \/><\/h6>\n<h6 style=\"text-align: center;\"><strong><span style=\"font-size: 22px; line-height: 2;\">Najwy\u017csza jako\u015b\u0107<\/span><\/strong><\/h6>\n<p style=\"text-align: center;\">Wszystkie Mapy drukujemy w wysokiej jako\u015bci na papierze o gramaturze 300g\/m<sup>2<\/sup>.<br \/>\nDbamy o wszystkie detale.\u00a0<span class=\"emoji\">&#x1f31d;<\/span><\/p>\n<h6 style=\"text-align: left;\">\u00a0 \u00a0 \u00a0 \u00a0 \u00a0 \u00a0 \u00a0 \u00a0 \u00a0 \u00a0 \u00a0 \u00a0 \u00a0 \u00a0 \u00a0 \u00a0 \u00a0 \u00a0 \u00a0 \u00a0 \u00a0 \u00a0 \u00a0 \u00a0 \u00a0 \u00a0 \u00a0 \u00a0 \u00a0 \u00a0 \u00a0 \u00a0 \u00a0 \u00a0 \u00a0 \u00a0 \u00a0<img loading=\"lazy\" decoding=\"async\" class=\"wp-image-2401 size-thumbnail aligncenter\" src=\"https:\/\/mojamapanieba.pl\/wp-content\/uploads\/2023\/11\/wymiary-1.png\" alt=\"\" width=\"150\" height=\"150\" \/><\/h6>\n<h6 style=\"text-align: center;\"><strong><span style=\"font-size: 22px; line-height: 2;\">Ramka w zestawie<\/span><\/strong><\/h6>\n<p style=\"text-align: center;\">Ka\u017cd\u0105 Map\u0119 wysy\u0142amy do Ciebie w ramce w wybranym przez Ciebie kolorze.<br \/>\n<span class=\"emoji\">Ramka o wymiarach 40 cm na 30 cm.\u00a0 &#x1f5bc;&#xfe0f;<\/span><\/p>\n<h6 style=\"text-align: left;\">\u00a0 \u00a0 \u00a0 \u00a0 \u00a0 \u00a0 \u00a0 \u00a0 \u00a0 \u00a0 \u00a0 \u00a0 \u00a0 \u00a0 \u00a0 \u00a0 \u00a0 \u00a0 \u00a0 \u00a0 \u00a0 \u00a0 \u00a0 \u00a0 \u00a0 \u00a0 \u00a0 \u00a0 \u00a0 \u00a0 \u00a0 \u00a0 \u00a0 \u00a0 \u00a0 \u00a0 \u00a0<img loading=\"lazy\" decoding=\"async\" class=\"wp-image-2401 size-thumbnail aligncenter\" src=\"https:\/\/mojamapanieba.pl\/wp-content\/uploads\/2023\/11\/wysylka.png\" alt=\"\" width=\"150\" height=\"150\" \/><\/h6>\n<h6 style=\"text-align: center;\"><strong><span style=\"font-size: 22px; line-height: 2;\">Szybka wysy\u0142ka<\/span><\/strong><\/h6>\n<p style=\"text-align: center;\">Ka\u017cd\u0105 Map\u0119 wysy\u0142amy do Ciebie jak najszybciej to mo\u017cliwe.<br \/>\nDo wyboru masz <b>wysy\u0142k\u0119 kurierem<\/b> (14,99 z\u0142) lub odbi\u00f3r w <b>Paczkomacie<\/b> (12,99 z\u0142). <span class=\"emoji\">&#x1f69a;<\/span><\/p>\n<h6 style=\"text-align: left;\">\u00a0 \u00a0 \u00a0 \u00a0 \u00a0 \u00a0 \u00a0 \u00a0 \u00a0 \u00a0 \u00a0 \u00a0 \u00a0 \u00a0 \u00a0 \u00a0 \u00a0 \u00a0 \u00a0 \u00a0 \u00a0 \u00a0 \u00a0 \u00a0 \u00a0 \u00a0 \u00a0 \u00a0 \u00a0 \u00a0 \u00a0 \u00a0 \u00a0 \u00a0 \u00a0 \u00a0 \u00a0<img loading=\"lazy\" decoding=\"async\" class=\"wp-image-2401 size-thumbnail aligncenter\" src=\"https:\/\/mojamapanieba.pl\/wp-content\/uploads\/2023\/11\/dyspozycyjnosc.png\" alt=\"\" width=\"150\" height=\"150\" \/><\/h6>\n<h6 style=\"text-align: center;\"><strong><span style=\"font-size: 22px; line-height: 2;\">Jeste\u015bmy dla Ciebie<\/span><\/strong><\/h6>\n<p style=\"text-align: center;\">Przez ca\u0142y czas &#8211; od momentu projektowania, z\u0142o\u017cenia zam\u00f3wienia i jego realizacji &#8211; jeste\u015bmy do Twojej dyspozycji.<br \/>\nMo\u017cesz skontaktowa\u0107 si\u0119 z nami telefonicznie lub e-mailowo. <span class=\"emoji\">&#x260e;&#xfe0f;<\/span><\/p>\n<h6 style=\"text-align: left;\">\u00a0 \u00a0 \u00a0 \u00a0 \u00a0 \u00a0 \u00a0 \u00a0 \u00a0 \u00a0 \u00a0 \u00a0 \u00a0 \u00a0 \u00a0 \u00a0 \u00a0 \u00a0 \u00a0 \u00a0 \u00a0 \u00a0 \u00a0 \u00a0 \u00a0 \u00a0 \u00a0 \u00a0 \u00a0 \u00a0 \u00a0 \u00a0 \u00a0 \u00a0 \u00a0 \u00a0 \u00a0<img loading=\"lazy\" decoding=\"async\" class=\"wp-image-2401 size-thumbnail aligncenter\" src=\"https:\/\/mojamapanieba.pl\/wp-content\/uploads\/2023\/11\/prezenty.png\" alt=\"\" width=\"150\" height=\"150\" \/><\/h6>\n<h6 style=\"text-align: center;\"><strong><span style=\"font-size: 22px; line-height: 2;\">Wyj\u0105tkowy prezent<\/span><\/strong><\/h6>\n<p style=\"text-align: center;\">Mapa Nieba to wyj\u0105tkowy prezent dla Twoich bliskich. <span class=\"emoji\">&#x2764;&#xfe0f;<\/span><br \/>\nPodaruj im oryginalny podarunek, przypominaj\u0105cy o Waszych pi\u0119knych chwilach.<\/p>\n<h6 style=\"text-align: left;\">\u00a0 \u00a0 \u00a0 \u00a0 \u00a0 \u00a0 \u00a0 \u00a0 \u00a0 \u00a0 \u00a0 \u00a0 \u00a0 \u00a0 \u00a0 \u00a0 \u00a0 \u00a0 \u00a0 \u00a0 \u00a0 \u00a0 \u00a0 \u00a0 \u00a0 \u00a0 \u00a0 \u00a0 \u00a0 \u00a0 \u00a0 \u00a0 \u00a0 \u00a0 \u00a0 \u00a0 \u00a0<img loading=\"lazy\" decoding=\"async\" class=\"wp-image-2401 size-thumbnail aligncenter\" src=\"https:\/\/mojamapanieba.pl\/wp-content\/uploads\/2023\/11\/plakat.png;\" alt=\"\" width=\"150\" height=\"150\" \/><\/h6>\n<h6 style=\"text-align: center;\"><strong><span style=\"font-size: 22px; line-height: 2;\">Pi\u0119kna ozdoba<\/span><\/strong><\/h6>\n<p style=\"text-align: center;\">Mapa Nieba pi\u0119knie prezentuje si\u0119 na \u015bcianie w domu. <span class=\"emoji\">&#x1f3e0;<\/span><br \/>\nTo wyj\u0105tkowa, subtelna ozdoba, kt\u00f3ra b\u0119dzie przypomnia\u0142a Wam wa\u017cne momenty.<\/p>\n<h6 style=\"text-align: left;\">\u00a0 \u00a0 \u00a0 \u00a0 \u00a0 \u00a0 \u00a0 \u00a0 \u00a0 \u00a0 \u00a0 \u00a0 \u00a0 \u00a0 \u00a0 \u00a0 \u00a0 \u00a0 \u00a0 \u00a0 \u00a0 \u00a0 \u00a0 \u00a0 \u00a0 \u00a0 \u00a0 \u00a0 \u00a0 \u00a0 \u00a0 \u00a0 \u00a0 \u00a0 \u00a0 \u00a0 \u00a0<img loading=\"lazy\" decoding=\"async\" class=\"wp-image-2401 size-thumbnail aligncenter\" src=\"https:\/\/mojamapanieba.pl\/wp-content\/uploads\/2023\/11\/platnosci.png\" alt=\"\" width=\"150\" height=\"150\" \/><\/h6>\n<h6 style=\"text-align: center;\"><strong><span style=\"font-size: 22px; line-height: 2;\">Bezpieczne p\u0142atno\u015bci<\/span><\/strong><\/h6>\n<p style=\"text-align: center;\">Kupuj\u0105c na naszej stronie masz gwarancj\u0119 bezpiecznych p\u0142atno\u015bci. <span class=\"emoji\">&#x1f4b3;<\/span><br \/>\nBezpiecze\u0144stwo gwarantuje dostawca p\u0142atno\u015bci, firma <strong>DotPay<\/strong>.<\/p>\n<p style=\"text-align: center;\"><img loading=\"lazy\" decoding=\"async\" class=\"wp-image-2401 size-thumbnail aligncenter\" src=\"https:\/\/mojamapanieba.pl\/wp-content\/uploads\/2023\/11\/dotpay.jpg\" alt=\"\" width=\"100\" height=\"100\" \/><\/p>\n<p>&nbsp;<\/p>\n<p><img loading=\"lazy\" decoding=\"async\" class=\"aligncenter wp-image-2421 size-thumbnail\" src=\"https:\/\/mojamapanieba.pl\/wp-content\/uploads\/2023\/11\/gwarancja.png\" alt=\"\" width=\"150\" height=\"150\" \/><\/p>\n<p style=\"text-align: center;\"><strong>\u00a0Zale\u017cy nam na Twojej satysfakcji, dlatego dajemy Ci gwarancj\u0119 zadowolenia. W ci\u0105gu czternastu dni od otrzymania przesy\u0142ki masz pe\u0142ne prawo do zwrotu lub wymiany Twojej Mapy Nieba. Wi\u0119cej informacji w naszym\u00a0<a href=\"https:\/\/mojamapanieba.pl\/index.php\/regulamin\/\">Regulaminie.<\/a><\/strong><\/p>\n<p style=\"text-align: center;\">Tylko teraz: skorzystaj z naszego kodu rabatowego: <strong>MOJAMAPA<\/strong> i odbierz gwarantowane 10% zni\u017cki na warto\u015b\u0107 koszyka.<\/p>\n<p>&nbsp;<\/p>\n<h3 style=\"text-align: center;\"><strong>Pami\u0119taj, wybieraj\u0105c nasz\u0105 Map\u0119, nie kupujesz gotowego, automatycznie wygenerowanego projektu.<br \/>\nKa\u017cd\u0105 Map\u0119 projektujemy specjalnie dla Ciebie. <span class=\"emoji\">&#x2764;&#xfe0f;<\/span> <\/strong><\/h3>\n<p>&nbsp;<\/p>\n<h3 style=\"text-align: center;\"><strong>Stw\u00f3rz swoj\u0105 Map\u0119 Nieba ju\u017c teraz.\u00a0<\/strong><\/h3>\n<p>&nbsp;<\/p>\n","protected":false},"excerpt":{"rendered":"<p>&nbsp; Szukasz prezentu dla ukochanej osoby, przyjaciela b\u0105d\u017a dziecka?\u00a0 Wybierz sw\u00f3j wymarzony wz\u00f3r, a my zaprojektujemy Twoj\u0105 Map\u0119 tak by wywo\u0142ywa\u0142a u\u015bmiech na twarzy obdarowanej osoby. &#x2764;&#xfe0f; Moja Mapa Nieba to: \u00a0 \u00a0 \u00a0 \u00a0 \u00a0 \u00a0 \u00a0 \u00a0 \u00a0 \u00a0 \u00a0 \u00a0 \u00a0 \u00a0 \u00a0 \u00a0 \u00a0 \u00a0 \u00a0 \u00a0 \u00a0 \u00a0 \u00a0 \u00a0 &hellip;<\/p>\n<p class=\"read-more\"> <a class=\"\" href=\"https:\/\/mojamapanieba.pl\/index.php\/produkt\/mapa-nieba-photo\/\"> <span class=\"screen-reader-text\">Mapa Nieba Photo<\/span> Czytaj dalej &raquo;<\/a><\/p>\n","protected":false},"featured_media":5383,"template":"","meta":{"site-sidebar-layout":"default","site-content-layout":"default","ast-site-content-layout":"default","site-content-style":"default","site-sidebar-style":"default","ast-global-header-display":"","ast-banner-title-visibility":"","ast-main-header-display":"","ast-hfb-above-header-display":"","ast-hfb-below-header-display":"","ast-hfb-mobile-header-display":"","site-post-title":"","ast-breadcrumbs-content":"","ast-featured-img":"","footer-sml-layout":"","theme-transparent-header-meta":"default","adv-header-id-meta":"","stick-header-meta":"","header-above-stick-meta":"","header-main-stick-meta":"","header-below-stick-meta":"","astra-migrate-meta-layouts":"set","ast-page-background-enabled":"default","ast-page-background-meta":{"desktop":{"background-color":"var(--ast-global-color-4)","background-image":"","background-repeat":"repeat","background-position":"center center","background-size":"auto","background-attachment":"scroll","background-type":"","background-media":"","overlay-type":"","overlay-color":"","overlay-gradient":""},"tablet":{"background-color":"","background-image":"","background-repeat":"repeat","background-position":"center center","background-size":"auto","background-attachment":"scroll","background-type":"","background-media":"","overlay-type":"","overlay-color":"","overlay-gradient":""},"mobile":{"background-color":"","background-image":"","background-repeat":"repeat","background-position":"center center","background-size":"auto","background-attachment":"scroll","background-type":"","background-media":"","overlay-type":"","overlay-color":"","overlay-gradient":""}},"ast-content-background-meta":{"desktop":{"background-color":"var(--ast-global-color-5)","background-image":"","background-repeat":"repeat","background-position":"center center","background-size":"auto","background-attachment":"scroll","background-type":"","background-media":"","overlay-type":"","overlay-color":"","overlay-gradient":""},"tablet":{"background-color":"var(--ast-global-color-5)","background-image":"","background-repeat":"repeat","background-position":"center center","background-size":"auto","background-attachment":"scroll","background-type":"","background-media":"","overlay-type":"","overlay-color":"","overlay-gradient":""},"mobile":{"background-color":"var(--ast-global-color-5)","background-image":"","background-repeat":"repeat","background-position":"center center","background-size":"auto","background-attachment":"scroll","background-type":"","background-media":"","overlay-type":"","overlay-color":"","overlay-gradient":""}}},"product_brand":[],"product_cat":[19],"product_tag":[],"class_list":{"0":"post-5459","1":"product","2":"type-product","3":"status-publish","4":"has-post-thumbnail","6":"product_cat-premium","7":"desktop-align-left","8":"tablet-align-left","9":"mobile-align-left","11":"first","12":"instock","13":"shipping-taxable","14":"purchasable","15":"product-type-variable","16":"has-default-attributes"},"jetpack_sharing_enabled":true,"_links":{"self":[{"href":"https:\/\/mojamapanieba.pl\/index.php\/wp-json\/wp\/v2\/product\/5459","targetHints":{"allow":["GET"]}}],"collection":[{"href":"https:\/\/mojamapanieba.pl\/index.php\/wp-json\/wp\/v2\/product"}],"about":[{"href":"https:\/\/mojamapanieba.pl\/index.php\/wp-json\/wp\/v2\/types\/product"}],"wp:featuredmedia":[{"embeddable":true,"href":"https:\/\/mojamapanieba.pl\/index.php\/wp-json\/wp\/v2\/media\/5383"}],"wp:attachment":[{"href":"https:\/\/mojamapanieba.pl\/index.php\/wp-json\/wp\/v2\/media?parent=5459"}],"wp:term":[{"taxonomy":"product_brand","embeddable":true,"href":"https:\/\/mojamapanieba.pl\/index.php\/wp-json\/wp\/v2\/product_brand?post=5459"},{"taxonomy":"product_cat","embeddable":true,"href":"https:\/\/mojamapanieba.pl\/index.php\/wp-json\/wp\/v2\/product_cat?post=5459"},{"taxonomy":"product_tag","embeddable":true,"href":"https:\/\/mojamapanieba.pl\/index.php\/wp-json\/wp\/v2\/product_tag?post=5459"}],"curies":[{"name":"wp","href":"https:\/\/api.w.org\/{rel}","templated":true}]}}