{"id":211,"date":"2023-11-07T15:42:24","date_gmt":"2023-11-07T14:42:24","guid":{"rendered":"https:\/\/mojamapanieba.pl\/?page_id=211"},"modified":"2023-11-07T15:47:12","modified_gmt":"2023-11-07T14:47:12","slug":"regulamin","status":"publish","type":"page","link":"https:\/\/mojamapanieba.pl\/index.php\/regulamin\/","title":{"rendered":"Regulamin"},"content":{"rendered":"\t\t<div data-elementor-type=\"wp-page\" data-elementor-id=\"211\" class=\"elementor elementor-211\">\n\t\t\t\t\t\t<section class=\"elementor-section elementor-top-section elementor-element elementor-element-5a935088 elementor-section-boxed elementor-section-height-default elementor-section-height-default\" data-id=\"5a935088\" data-element_type=\"section\" data-settings=\"{&quot;background_background&quot;:&quot;classic&quot;}\">\n\t\t\t\t\t\t\t<div class=\"elementor-background-overlay\"><\/div>\n\t\t\t\t\t\t\t<div class=\"elementor-container elementor-column-gap-default\">\n\t\t\t\t\t<div class=\"elementor-column elementor-col-100 elementor-top-column elementor-element elementor-element-d70811\" data-id=\"d70811\" data-element_type=\"column\">\n\t\t\t<div class=\"elementor-widget-wrap elementor-element-populated\">\n\t\t\t\t\t\t<div class=\"elementor-element elementor-element-76992edc elementor-widget elementor-widget-heading\" data-id=\"76992edc\" data-element_type=\"widget\" data-widget_type=\"heading.default\">\n\t\t\t\t<div class=\"elementor-widget-container\">\n\t\t\t\t\t<h4 class=\"elementor-heading-title elementor-size-default\">REGULAMIN<\/h4>\t\t\t\t<\/div>\n\t\t\t\t<\/div>\n\t\t\t\t\t<\/div>\n\t\t<\/div>\n\t\t\t\t\t<\/div>\n\t\t<\/section>\n\t\t\t\t<section class=\"elementor-section elementor-top-section elementor-element elementor-element-23908b7a elementor-section-content-middle elementor-section-boxed elementor-section-height-default elementor-section-height-default\" data-id=\"23908b7a\" data-element_type=\"section\">\n\t\t\t\t\t\t<div class=\"elementor-container elementor-column-gap-no\">\n\t\t\t\t\t<div class=\"elementor-column elementor-col-100 elementor-top-column elementor-element elementor-element-3b97e2f\" data-id=\"3b97e2f\" data-element_type=\"column\">\n\t\t\t<div class=\"elementor-widget-wrap elementor-element-populated\">\n\t\t\t\t\t\t<section class=\"elementor-section elementor-inner-section elementor-element elementor-element-28ce4b8a elementor-section-content-middle elementor-section-boxed elementor-section-height-default elementor-section-height-default\" data-id=\"28ce4b8a\" data-element_type=\"section\">\n\t\t\t\t\t\t<div class=\"elementor-container elementor-column-gap-no\">\n\t\t\t\t\t<div class=\"elementor-column elementor-col-100 elementor-inner-column elementor-element elementor-element-6c34a522\" data-id=\"6c34a522\" data-element_type=\"column\">\n\t\t\t<div class=\"elementor-widget-wrap elementor-element-populated\">\n\t\t\t\t\t\t<div class=\"elementor-element elementor-element-47d83d08 elementor-align-center elementor-widget elementor-widget-button\" data-id=\"47d83d08\" data-element_type=\"widget\" data-widget_type=\"button.default\">\n\t\t\t\t<div class=\"elementor-widget-container\">\n\t\t\t\t\t\t\t\t\t<div class=\"elementor-button-wrapper\">\n\t\t\t\t\t<a class=\"elementor-button elementor-button-link elementor-size-sm elementor-animation-grow\" href=\"https:\/\/mojamapanieba.pl\/index.php\/sklep\/\">\n\t\t\t\t\t\t<span class=\"elementor-button-content-wrapper\">\n\t\t\t\t\t\t\t\t\t<span class=\"elementor-button-text\">Wr\u00f3\u0107 do sklepu<\/span>\n\t\t\t\t\t<\/span>\n\t\t\t\t\t<\/a>\n\t\t\t\t<\/div>\n\t\t\t\t\t\t\t\t<\/div>\n\t\t\t\t<\/div>\n\t\t\t\t<div class=\"elementor-element elementor-element-4f74267e elementor-align-center elementor-widget elementor-widget-button\" data-id=\"4f74267e\" data-element_type=\"widget\" data-widget_type=\"button.default\">\n\t\t\t\t<div class=\"elementor-widget-container\">\n\t\t\t\t\t\t\t\t\t<div class=\"elementor-button-wrapper\">\n\t\t\t\t\t<a class=\"elementor-button elementor-button-link elementor-size-sm elementor-animation-grow\" href=\"https:\/\/mojamapanieba.pl\/\">\n\t\t\t\t\t\t<span class=\"elementor-button-content-wrapper\">\n\t\t\t\t\t\t\t\t\t<span class=\"elementor-button-text\">Wr\u00f3\u0107 na stron\u0119 g\u0142\u00f3wn\u0105<\/span>\n\t\t\t\t\t<\/span>\n\t\t\t\t\t<\/a>\n\t\t\t\t<\/div>\n\t\t\t\t\t\t\t\t<\/div>\n\t\t\t\t<\/div>\n\t\t\t\t\t<\/div>\n\t\t<\/div>\n\t\t\t\t\t<\/div>\n\t\t<\/section>\n\t\t\t\t<div class=\"elementor-element elementor-element-10a0d838 elementor-widget elementor-widget-spacer\" data-id=\"10a0d838\" data-element_type=\"widget\" data-widget_type=\"spacer.default\">\n\t\t\t\t<div class=\"elementor-widget-container\">\n\t\t\t\t\t\t\t<div class=\"elementor-spacer\">\n\t\t\t<div class=\"elementor-spacer-inner\"><\/div>\n\t\t<\/div>\n\t\t\t\t\t\t<\/div>\n\t\t\t\t<\/div>\n\t\t\t\t<div class=\"elementor-element elementor-element-3c71fce2 elementor-widget-divider--view-line elementor-widget elementor-widget-divider\" data-id=\"3c71fce2\" data-element_type=\"widget\" data-widget_type=\"divider.default\">\n\t\t\t\t<div class=\"elementor-widget-container\">\n\t\t\t\t\t\t\t<div class=\"elementor-divider\">\n\t\t\t<span class=\"elementor-divider-separator\">\n\t\t\t\t\t\t<\/span>\n\t\t<\/div>\n\t\t\t\t\t\t<\/div>\n\t\t\t\t<\/div>\n\t\t\t\t<div class=\"elementor-element elementor-element-3718c453 elementor-widget elementor-widget-heading\" data-id=\"3718c453\" data-element_type=\"widget\" data-widget_type=\"heading.default\">\n\t\t\t\t<div class=\"elementor-widget-container\">\n\t\t\t\t\t<h2 class=\"elementor-heading-title elementor-size-default\">REGULAMIN<\/h2>\t\t\t\t<\/div>\n\t\t\t\t<\/div>\n\t\t\t\t<div class=\"elementor-element elementor-element-52a60dc1 elementor-widget elementor-widget-spacer\" data-id=\"52a60dc1\" data-element_type=\"widget\" data-widget_type=\"spacer.default\">\n\t\t\t\t<div class=\"elementor-widget-container\">\n\t\t\t\t\t\t\t<div class=\"elementor-spacer\">\n\t\t\t<div class=\"elementor-spacer-inner\"><\/div>\n\t\t<\/div>\n\t\t\t\t\t\t<\/div>\n\t\t\t\t<\/div>\n\t\t\t\t<div class=\"elementor-element elementor-element-7f56849c elementor-widget elementor-widget-text-editor\" data-id=\"7f56849c\" data-element_type=\"widget\" data-widget_type=\"text-editor.default\">\n\t\t\t\t<div class=\"elementor-widget-container\">\n\t\t\t\t\t\t\t\t\t<p><b><span style=\"font-size: 16px;\">\u00a7 1. Postanowienia og\u00f3lne<\/span><br><\/b><\/p>\n<p>Us\u0142uga personalizacji, druku, sprzeda\u017cy i wysy\u0142ki personalizowanych plakat\u00f3w zawieraj\u0105cych map\u0119 nieba i grafiki U\u017cytkownik\u00f3w \u015bwiadczona jest przez firm\u0119: Maciej Piasny z siedzib\u0105 w Poznaniu (ul. \u015al\u0105ska 9\/4 60-614, NIP: 6312695067, REGON: 387873834) <span style=\"font-size: 15px;\">zwan\u0105 dalej Us\u0142ugodawc\u0105.<\/span><\/p>\n<p>1. \u015awiadczenie Us\u0142ug Serwisu odbywa si\u0119 na zasadach okre\u015blonych w niniejszym Regulaminie (dalej \u201cRegulamin\u201d).<\/p>\n<p>2. Niniejszy Regulamin okre\u015bla og\u00f3lne zasady stanowi\u0105ce prawne podstawy korzystania z Us\u0142ug na stronie www.mojamapanieba.pl i jej subdomen.<\/p>\n<p>3. Ka\u017cdy U\u017cytkownik Serwisu zobowi\u0105zany jest, z momentem podj\u0119cia czynno\u015bci zmierzaj\u0105cych do korzystania z Us\u0142ugi, do przestrzegania postanowie\u0144 niniejszego Regulaminu.<\/p>\n<p>4. Przed skorzystaniem z Us\u0142ugi nale\u017cy uwa\u017cnie przeczyta\u0107 poni\u017cszy Regulamin.<\/p>\n<p>5. Rozpoczynaj\u0105c korzystanie z Us\u0142ugi U\u017cytkownik potwierdza, \u017ce zapozna\u0142 si\u0119 z tre\u015bci\u0105 Regulaminu, dokonuje akceptacji niniejszego Regulaminu, jego postanowie\u0144 i zobowi\u0105zuje si\u0119 do ich przestrzegania.<\/p>\n<p><b>\u00a7 2. Definicje<\/b><\/p>\n<p>1. Serwis \u2013 serwis internetowy www.mojamapanieba.pl znajduj\u0105cy si\u0119 pod tym adresem internetowym i ewentualnie innymi adresami internetowymi, na kt\u00f3ry sk\u0142ada si\u0119 m.in. kompleks us\u0142ug \u015bwiadczonych drog\u0105 elektroniczn\u0105 na rzecz U\u017cytkownik\u00f3w oraz funkcjonalno\u015bci (katalog).<\/p>\n<p>2. Katalog \u2013 funkcjonalno\u015b\u0107 Serwisu umo\u017cliwiaj\u0105ca w szczeg\u00f3lno\u015bci wyszukiwanie, sortowanie i wy\u015bwietlanie opis\u00f3w Produkt\u00f3w.<\/p>\n<p>3. U\u017cytkownik \u2013 osoba korzystaj\u0105ca z Serwisu, w tym w szczeg\u00f3lno\u015bci uzyskuj\u0105ca Dost\u0119p do Zakupu personalizowanego plakatu. U\u017cytkownikami mog\u0105 by\u0107 jedynie osoby pe\u0142noletnie, posiadaj\u0105ce pe\u0142n\u0105 zdolno\u015b\u0107 do czynno\u015bci prawnych.<\/p>\n<p>4. Us\u0142uga \u2013 us\u0142uga \u015bwiadczona drog\u0105 elektroniczn\u0105 w ramach Serwisu obejmuj\u0105ca dost\u0119p do Katalogu i odp\u0142atn\u0105 personalizacj\u0119, druk i wysy\u0142k\u0119 Produkt\u00f3w \u015bwiadczon\u0105 na zasadach okre\u015blonych w niniejszym Regulaminie.<\/p>\n<p>5. P\u0142atno\u015bci za Dost\u0119p do us\u0142ugi p\u0142atnej mo\u017cna dokona\u0107 dost\u0119pnymi w Serwisie metodami.<\/p>\n<p>Dost\u0119p do p\u0142atnej Us\u0142ugi ko\u0144czy si\u0119 w momencie up\u0142ywu czasu trwania uzyskanego dost\u0119pu na korzystanie z danego Produktu. Okres trwania danego dost\u0119pu uzale\u017cniony jest od sposobu p\u0142atno\u015bci i komunikowany w Serwisie przy opisie form p\u0142atno\u015bci.<\/p>\n<p>6. Produkt \u2013 personalizowany plakat zawieraj\u0105cy zaprojektowan\u0105 map\u0119 nieba. Przedmiot obj\u0119ty jest cen\u0105 wskazan\u0105 przy jego prezentacji w Serwisie. Dost\u0119pno\u015b\u0107 danego Produktu mo\u017ce by\u0107 limitowana.&nbsp;<\/p>\n<p>7. Firma kurierska &#8211; firma odpowiedzialna za transport i wysy\u0142k\u0119 Produkt\u00f3w zam\u00f3wionych w Serwisie.<\/p>\n<p>8. Wysy\u0142ka &#8211; Us\u0142uga wysy\u0142ki realizowana przez Us\u0142ugodawc\u0119, polegaj\u0105ca na zabezpieczeniu, zapakowaniu i wysy\u0142ce zam\u00f3wionych Produkt\u00f3w (poprzez metod\u0119 wybran\u0105 przez Klienta). Us\u0142ugodawca po\u015bredniczy pomi\u0119dzy Klientem a Firm\u0105 Kuriersk\u0105, zamawiaj\u0105c wysy\u0142k\u0119 Produktu w imieniu Klienta.&nbsp;<\/p>\n<p>9. Serwis Facebook, Facebook \u2013 Serwis spo\u0142eczno\u015bciowy Facebook, prowadzony pod adresem www.facebook.com lub pod inn\u0105 domen\u0105, pod kt\u00f3r\u0105 jest publikowany.<\/p>\n<p><b>\u00a7 3. Zasady dost\u0119pu do Us\u0142ugi w Serwisie<\/b><\/p>\n<p>1. Korzystanie z serwisu jest bezp\u0142atne.&nbsp;<\/p>\n<p>2. Koszt Produktu okre\u015blony jest ka\u017cdorazowo wyra\u017anie przy danym Produkcie oferowanym w Serwisie.<\/p>\n<p>3. Cena podana przy ka\u017cdym Produkcie w Serwisie jest wi\u0105\u017c\u0105ca dla U\u017cytkownika w chwili z\u0142o\u017cenia przez U\u017cytkownika zam\u00f3wienia.<\/p>\n<p>4. Us\u0142ugodawca zastrzega sobie prawo do zmiany cen Dost\u0119pu do Us\u0142ug p\u0142atnych znajduj\u0105cych si\u0119 w ofercie Serwisu, przeprowadzania czasowych akcji promocyjnych i rabatowych, w tym wprowadzania do nich zmian. Poszczeg\u00f3lne promocje i rabaty nie sumuj\u0105 si\u0119. Zmiany nie wp\u0142ywaj\u0105 na uprzednio zakupiony przez U\u017cytkownik\u00f3w Produkt.<\/p>\n<p>6. U\u017cytkownik w chwili zakupu Produktu ma pe\u0142ne prawo do utrwalania go w formie fotograficznej i&nbsp; udost\u0119pnienia tej\u017ce formy fotograficznej we wszelkich kana\u0142ach internetowych.<\/p>\n<p>7.&nbsp;<span style=\"font-size: 15px; font-style: normal; font-weight: 300;\">Us\u0142ugodawca<\/span>&nbsp;zastrzega sobie prawo modyfikowania Produkt\u00f3w i materia\u0142\u00f3w oraz zasad korzystania z nich w Serwisie z zastrze\u017ceniem, \u017ce Produkty zakupione funkcjonowa\u0107 b\u0119d\u0105 wed\u0142ug zasad i w terminach opisanych w Regulaminie oraz w informacjach o Produktach w Serwisie, obowi\u0105zuj\u0105cych w momencie z\u0142o\u017cenia zam\u00f3wienia.<\/p>\n<p>9. Zgodnie z art. 38 pkt. 13 ustawy z dnia 30 maja 2014 o prawach konsumenta (Dz.U. 2014 r. poz. 827) prawo odst\u0105pienia od umowy na personalizacj\u0119 i sprzeda\u017c Produktu w serwisach nale\u017c\u0105cych do Us\u0142ugodawcy zawartej na odleg\u0142o\u015b\u0107 nie przys\u0142uguje konsumentowi je\u017celi spe\u0142nianie \u015bwiadczenia rozpocz\u0119\u0142o si\u0119 za jego wyra\u017an\u0105 zgod\u0105 przed up\u0142ywem 14-dniowego terminu do odst\u0105pienia od umowy i po poinformowaniu go przez Us\u0142ugodawc\u0119 o utracie prawa odst\u0105pienia od umowy.<\/p>\n<p>10. U\u017cytkownik ma prawo odst\u0105pi\u0107 od umowy bez podania przyczyny.<\/p>\n<p>Termin na odst\u0105pienie wynosi 14 dni od dnia zawarcia umowy, tj. dnia otrzymania przesy\u0142ki zawieraj\u0105cej spersonalizowany Produkt.<\/p>\n<p>12. Aby skorzysta\u0107 z prawa odst\u0105pienia od umowy, konieczne jest przes\u0142anie przez<\/p>\n<p>U\u017cytkownika jednoznaczn\u0105 informacj\u0119 o odst\u0105pieniu od umowy na adres: Maciej Piasny ul. \u015al\u0105ska 9\/4 60-614 Pozna\u0144 lub drog\u0105 mailowa na adres kontakt@mojamapanieba.pl o przyk\u0142adowej tre\u015bci: \u201eNiniejszym informuj\u0119 o moim odst\u0105pieniu od umowy dostarczania tre\u015bci cyfrowych\u201d Data zawarcia umowy: Imi\u0119 i nazwisko konsumenta: Adres konsumenta: Data: Adres e-mail podany podczas zakupu: Podpis (wymagany tylko w przypadku korespondencji poczt\u0105 lub faksem)\u201d.<\/p>\n<p>15. Aby zachowa\u0107 termin do odst\u0105pienia od umowy, wystarczy, aby U\u017cytkownik wys\u0142a\u0142 informacj\u0119 o odst\u0105pieniu przed up\u0142ywem terminu wskazanego powy\u017cej. Po jej otrzymaniu Us\u0142ugodawca niezw\u0142ocznie prze\u015ble potwierdzenie otrzymania informacji o odst\u0105pieniu od umowy poczt\u0105 elektroniczn\u0105 na adres e-mail wskazany podczas zakupu.<\/p>\n<p>16. Skutki odst\u0105pienia od umowy: w przypadku odst\u0105pienia od niniejszej umowy U\u017cytkownik zobowi\u0105zany jest do odes\u0142ania spersonalizowanego Produktu na adres: Maciej Piasny ul. \u015al\u0105ska 9\/4 60-614 Pozna\u0144, poczym poinformowa\u0107 Us\u0142ugodawc\u0119 o odes\u0142aniu przesy\u0142ki na adres e-mail: kontakt@mojamapanieba.pl. W takim wypadku U\u017cytkownik otrzyma zwrot nale\u017cno\u015bci z tytu\u0142u zawartej umowy niezw\u0142ocznie powi\u0119kszone &#8211; aby pokry\u0107 koszty wysy\u0142ki przez U\u017cytkownika- o standardow\u0105 stawk\u0119 wysy\u0142kow\u0105 tj. 15 z\u0142otych, w ka\u017cdym przypadku nie p\u00f3\u017aniej ni\u017c 14 dni od dnia, w kt\u00f3rym Us\u0142ugodawca zosta\u0142 poinformowany o odst\u0105pieniu od umowy.<\/p>\n<p>17. Prawo odst\u0105pienia od umowy na personalizacj\u0119 i wysy\u0142k\u0119 Produktu w serwisie nale\u017c\u0105cym do Us\u0142ugodawcy zawartej na odleg\u0142o\u015b\u0107 nie przys\u0142uguje konsumentowi w przypadku up\u0142ywu 14-dniowego terminu do odst\u0105pienia od umowy.<\/p>\n<p><\/p>\n<p><b>\u00a7 4. Pliki Cookies<\/b><\/p>\n<p>1. Us\u0142ugodawca informuje, i\u017c podczas korzystania z Portalu nale\u017c\u0105cego do Us\u0142ugodawcy w urz\u0105dzeniu U\u017cytkownika zapisywane s\u0105 kr\u00f3tkie informacje tekstowe zwane \u201ccookies\u201d (dalej: pliki \u201ecookies\u201d) lub stosowane s\u0105 inne technologie (np. local storage). Instalacja plik\u00f3w \u201ecookies\u201d jest konieczna do prawid\u0142owego \u015bwiadczenia Us\u0142ug w Portalu nale\u017c\u0105cym do Us\u0142ugodawcy. W plikach \u201ccookies\u201d znajduj\u0105 si\u0119 informacje niezb\u0119dne do prawid\u0142owego funkcjonowania Serwisu, w szczeg\u00f3lno\u015bci tych wymagaj\u0105cych autoryzacji.<\/p>\n<p>2. Zawarto\u015b\u0107 plik\u00f3w cookies nie pozwala na identyfikacj\u0119 U\u017cytkownika. Za pomoc\u0105 plik\u00f3w cookies nie s\u0105 przetwarzane lub przechowywane dane osobowe.<\/p>\n<p>Szczeg\u00f3\u0142owe informacje na temat polityki prywatno\u015bci, w szczeg\u00f3lno\u015bci u\u017cywania Cookies lub innych technologii (local storage) zawieraj\u0105 Polityka Ochrony Prywatno\u015bci.<\/p>\n<p><\/p>\n<p><b>\u00a7 5. Reklamacje<\/b><\/p>\n<p>1. Ka\u017cdemu U\u017cytkownikowi przys\u0142uguje prawo do z\u0142o\u017cenia reklamacji w sprawach dotycz\u0105cych spersonalizowanego Produktu.<\/p>\n<p>2. Reklamacje dotycz\u0105ce transakcji p\u0142atniczych dotycz\u0105cych zakupu Produkt\u00f3w, o kt\u00f3rych mowa w niniejszym Regulaminie nale\u017cy zg\u0142asza\u0107 do Biura Obs\u0142ugi Klienta na adres: kontakt@mojamapanieba.pl<\/p>\n<p>3. Reklamacje U\u017cytkownik\u00f3w rozpatrywane b\u0119d\u0105 przez Us\u0142ugodawc\u0119 na bie\u017c\u0105co, jednak nie p\u00f3\u017aniej ni\u017c w terminie 14 dni od dnia otrzymania przez Us\u0142ugodawc\u0119 zg\u0142oszenia reklamacji.<\/p>\n<p>4. Us\u0142ugodawca zastrzega sobie prawo do wyd\u0142u\u017cenia terminu o nie wi\u0119cej ni\u017c 10 dni w przypadku, gdy rozpoznanie reklamacji wymaga nietypowych, szczeg\u00f3lnych dzia\u0142a\u0144 i ustale\u0144 lub napotka przeszkody niezale\u017cne i niezawinione od Us\u0142ugodawc\u0119 (awarie sprz\u0119tu, sieci internetowej itp.).<\/p>\n<p>5. Odpowied\u017a na reklamacj\u0119 zostanie przes\u0142ana do U\u017cytkownika na kontakt podany przez U\u017cytkownika podczas sk\u0142adania reklamacji.<\/p>\n<p>6. Wszelkie kwestie zwi\u0105zane z bazami danych oraz ochron\u0105 danych osobowych regulowane s\u0105 szczeg\u00f3\u0142owym opisem w Polityce Prywatno\u015bci. Dost\u0119pne do przeczytania: https:\/\/mojamapanieba.pl\/polityka-prywatnosci\/<\/p>\n<p><b>\u00a76. Postanowienia ko\u0144cowe<\/b><\/p>\n<p>Rozpoczynaj\u0105c korzystanie z Us\u0142ugi i zakupu Produktu U\u017cytkownik potwierdza, \u017ce zapozna\u0142 si\u0119 z tre\u015bci\u0105 Regulaminu, dokonuje akceptacji niniejszego Regulaminu, jego postanowie\u0144 i zobowi\u0105zuje si\u0119 do ich przestrzegania.<\/p>\n<p><\/p>\n<p>Regulamin obowi\u0105zuje od 16.01.2020<\/p>\n<p><\/p>\t\t\t\t\t\t\t\t<\/div>\n\t\t\t\t<\/div>\n\t\t\t\t<div class=\"elementor-element elementor-element-59e8b77f elementor-widget elementor-widget-heading\" data-id=\"59e8b77f\" data-element_type=\"widget\" data-widget_type=\"heading.default\">\n\t\t\t\t<div class=\"elementor-widget-container\">\n\t\t\t\t\t<h4 class=\"elementor-heading-title elementor-size-default\">UWAGA!\n<\/h4>\t\t\t\t<\/div>\n\t\t\t\t<\/div>\n\t\t\t\t<div class=\"elementor-element elementor-element-72b885fa elementor-widget elementor-widget-text-editor\" data-id=\"72b885fa\" data-element_type=\"widget\" data-widget_type=\"text-editor.default\">\n\t\t\t\t<div class=\"elementor-widget-container\">\n\t\t\t\t\t\t\t\t\t<p><strong>W okresie 06.08.2022 &#8211; 01.10.2022<\/strong><\/p><p><strong>Serwis www.mojamapanieba.pl zosta\u0142 u\u017cyczony na podstawie umowy ustnej pani<\/strong><\/p><p><strong>Karolinie Burek-Piasnej (zamieszka\u0142ej na ul. Mewy 26\/2 44-114 w Gliwicach), kt\u00f3ra we wskazanym okresie zajmowa\u0142a si\u0119\u00a0 sprzeda\u017c\u0105 personalizowanych Map Nieba\u00a0 w ramach niezarejestrowanej dzia\u0142alno\u015bci gospodarczej.<\/strong><\/p><p><strong>Zgodnie z:<\/strong><\/p><p><strong>Art. 5 ust. 1 ustawy z dnia 6 marca 2018 r. Prawo przedsi\u0119biorc\u00f3w:<\/strong><\/p><p><strong>Nie stanowi dzia\u0142alno\u015bci gospodarczej dzia\u0142alno\u015b\u0107 wykonywana przez osob\u0119 fizyczn\u0105, kt\u00f3rej przych\u00f3d nale\u017cny z tej dzia\u0142alno\u015bci nie przekracza w \u017cadnym miesi\u0105cu 50% kwoty minimalnego wynagrodzenia, o kt\u00f3rym mowa w ustawie z dnia 10 pa\u017adziernika 2002 r. o minimalnym wynagrodzeniu za prac\u0119 (Dz. U. z 2017 r. poz. 847 oraz z 2018 r. poz. 650 ), i kt\u00f3ra w okresie ostatnich 60 miesi\u0119cy nie wykonywa\u0142a dzia\u0142alno\u015bci gospodarczej.<\/strong><\/p>\t\t\t\t\t\t\t\t<\/div>\n\t\t\t\t<\/div>\n\t\t\t\t<section class=\"elementor-section elementor-inner-section elementor-element elementor-element-3d6ad0bd elementor-section-content-middle elementor-section-boxed elementor-section-height-default elementor-section-height-default\" data-id=\"3d6ad0bd\" data-element_type=\"section\">\n\t\t\t\t\t\t<div class=\"elementor-container elementor-column-gap-no\">\n\t\t\t\t\t<div class=\"elementor-column elementor-col-100 elementor-inner-column elementor-element elementor-element-62a59bd4\" data-id=\"62a59bd4\" data-element_type=\"column\">\n\t\t\t<div class=\"elementor-widget-wrap elementor-element-populated\">\n\t\t\t\t\t\t<div class=\"elementor-element elementor-element-171ee4e8 elementor-align-center elementor-widget elementor-widget-button\" data-id=\"171ee4e8\" data-element_type=\"widget\" data-widget_type=\"button.default\">\n\t\t\t\t<div class=\"elementor-widget-container\">\n\t\t\t\t\t\t\t\t\t<div class=\"elementor-button-wrapper\">\n\t\t\t\t\t<a class=\"elementor-button elementor-button-link elementor-size-sm elementor-animation-grow\" href=\"https:\/\/mojamapanieba.pl\/index.php\/sklep\/\">\n\t\t\t\t\t\t<span class=\"elementor-button-content-wrapper\">\n\t\t\t\t\t\t\t\t\t<span class=\"elementor-button-text\">Wr\u00f3\u0107 do sklepu<\/span>\n\t\t\t\t\t<\/span>\n\t\t\t\t\t<\/a>\n\t\t\t\t<\/div>\n\t\t\t\t\t\t\t\t<\/div>\n\t\t\t\t<\/div>\n\t\t\t\t<div class=\"elementor-element elementor-element-28dc0c7c elementor-align-center elementor-widget elementor-widget-button\" data-id=\"28dc0c7c\" data-element_type=\"widget\" data-widget_type=\"button.default\">\n\t\t\t\t<div class=\"elementor-widget-container\">\n\t\t\t\t\t\t\t\t\t<div class=\"elementor-button-wrapper\">\n\t\t\t\t\t<a class=\"elementor-button elementor-button-link elementor-size-sm elementor-animation-grow\" href=\"https:\/\/mojamapanieba.pl\/\">\n\t\t\t\t\t\t<span class=\"elementor-button-content-wrapper\">\n\t\t\t\t\t\t\t\t\t<span class=\"elementor-button-text\">Wr\u00f3\u0107 na stron\u0119 g\u0142\u00f3wn\u0105<\/span>\n\t\t\t\t\t<\/span>\n\t\t\t\t\t<\/a>\n\t\t\t\t<\/div>\n\t\t\t\t\t\t\t\t<\/div>\n\t\t\t\t<\/div>\n\t\t\t\t\t<\/div>\n\t\t<\/div>\n\t\t\t\t\t<\/div>\n\t\t<\/section>\n\t\t\t\t\t<\/div>\n\t\t<\/div>\n\t\t\t\t\t<\/div>\n\t\t<\/section>\n\t\t\t\t<\/div>\n\t\t","protected":false},"excerpt":{"rendered":"<p>REGULAMIN Wr\u00f3\u0107 do sklepu Wr\u00f3\u0107 na stron\u0119 g\u0142\u00f3wn\u0105 REGULAMIN \u00a7 1. Postanowienia og\u00f3lne Us\u0142uga personalizacji, druku, sprzeda\u017cy i wysy\u0142ki personalizowanych plakat\u00f3w zawieraj\u0105cych map\u0119 nieba i grafiki U\u017cytkownik\u00f3w \u015bwiadczona jest przez firm\u0119: Maciej Piasny z siedzib\u0105 w Poznaniu (ul. \u015al\u0105ska 9\/4 60-614, NIP: 6312695067, REGON: 387873834) zwan\u0105 dalej Us\u0142ugodawc\u0105. 1. \u015awiadczenie Us\u0142ug Serwisu odbywa si\u0119 na &hellip;<\/p>\n<p class=\"read-more\"> <a class=\"\" href=\"https:\/\/mojamapanieba.pl\/index.php\/regulamin\/\"> <span class=\"screen-reader-text\">Regulamin<\/span> Czytaj dalej &raquo;<\/a><\/p>\n","protected":false},"author":1,"featured_media":0,"parent":0,"menu_order":0,"comment_status":"closed","ping_status":"closed","template":"","meta":{"site-sidebar-layout":"no-sidebar","site-content-layout":"","ast-site-content-layout":"full-width-container","site-content-style":"default","site-sidebar-style":"default","ast-global-header-display":"","ast-banner-title-visibility":"","ast-main-header-display":"","ast-hfb-above-header-display":"","ast-hfb-below-header-display":"","ast-hfb-mobile-header-display":"","site-post-title":"disabled","ast-breadcrumbs-content":"","ast-featured-img":"disabled","footer-sml-layout":"","theme-transparent-header-meta":"","adv-header-id-meta":"","stick-header-meta":"","header-above-stick-meta":"","header-main-stick-meta":"","header-below-stick-meta":"","astra-migrate-meta-layouts":"","ast-page-background-enabled":"default","ast-page-background-meta":{"desktop":{"background-color":"var(--ast-global-color-4)","background-image":"","background-repeat":"repeat","background-position":"center center","background-size":"auto","background-attachment":"scroll","background-type":"","background-media":"","overlay-type":"","overlay-color":"","overlay-gradient":""},"tablet":{"background-color":"","background-image":"","background-repeat":"repeat","background-position":"center center","background-size":"auto","background-attachment":"scroll","background-type":"","background-media":"","overlay-type":"","overlay-color":"","overlay-gradient":""},"mobile":{"background-color":"","background-image":"","background-repeat":"repeat","background-position":"center center","background-size":"auto","background-attachment":"scroll","background-type":"","background-media":"","overlay-type":"","overlay-color":"","overlay-gradient":""}},"ast-content-background-meta":{"desktop":{"background-color":"var(--ast-global-color-5)","background-image":"","background-repeat":"repeat","background-position":"center center","background-size":"auto","background-attachment":"scroll","background-type":"","background-media":"","overlay-type":"","overlay-color":"","overlay-gradient":""},"tablet":{"background-color":"var(--ast-global-color-5)","background-image":"","background-repeat":"repeat","background-position":"center center","background-size":"auto","background-attachment":"scroll","background-type":"","background-media":"","overlay-type":"","overlay-color":"","overlay-gradient":""},"mobile":{"background-color":"var(--ast-global-color-5)","background-image":"","background-repeat":"repeat","background-position":"center center","background-size":"auto","background-attachment":"scroll","background-type":"","background-media":"","overlay-type":"","overlay-color":"","overlay-gradient":""}},"footnotes":""},"class_list":["post-211","page","type-page","status-publish","hentry"],"jetpack_sharing_enabled":true,"_links":{"self":[{"href":"https:\/\/mojamapanieba.pl\/index.php\/wp-json\/wp\/v2\/pages\/211","targetHints":{"allow":["GET"]}}],"collection":[{"href":"https:\/\/mojamapanieba.pl\/index.php\/wp-json\/wp\/v2\/pages"}],"about":[{"href":"https:\/\/mojamapanieba.pl\/index.php\/wp-json\/wp\/v2\/types\/page"}],"author":[{"embeddable":true,"href":"https:\/\/mojamapanieba.pl\/index.php\/wp-json\/wp\/v2\/users\/1"}],"replies":[{"embeddable":true,"href":"https:\/\/mojamapanieba.pl\/index.php\/wp-json\/wp\/v2\/comments?post=211"}],"version-history":[{"count":4,"href":"https:\/\/mojamapanieba.pl\/index.php\/wp-json\/wp\/v2\/pages\/211\/revisions"}],"predecessor-version":[{"id":235,"href":"https:\/\/mojamapanieba.pl\/index.php\/wp-json\/wp\/v2\/pages\/211\/revisions\/235"}],"wp:attachment":[{"href":"https:\/\/mojamapanieba.pl\/index.php\/wp-json\/wp\/v2\/media?parent=211"}],"curies":[{"name":"wp","href":"https:\/\/api.w.org\/{rel}","templated":true}]}}